{"id":1404,"date":"2024-09-18T17:52:07","date_gmt":"2024-09-18T15:52:07","guid":{"rendered":"https:\/\/www.gite-de-pitron.fr\/?page_id=1404"},"modified":"2024-09-22T14:04:01","modified_gmt":"2024-09-22T12:04:01","slug":"pour-se-baigner-autour-de-riguepeu","status":"publish","type":"page","link":"https:\/\/www.gite-de-pitron.fr\/index.php\/pour-se-baigner-autour-de-riguepeu\/","title":{"rendered":"Pour se baigner autour de Riguepeu"},"content":{"rendered":"<div data-colibri-id=\"1404-c1\" class=\"style-2188 style-local-1404-c1 position-relative\">\n  <!---->\n  <div data-colibri-component=\"section\" data-colibri-id=\"1404-c2\" id=\"custom\" class=\"h-section h-section-global-spacing d-flex align-items-lg-center align-items-md-center align-items-center style-2198 style-local-1404-c2 position-relative\">\n    <!---->\n    <!---->\n    <div class=\"h-section-grid-container h-section-boxed-container\">\n      <!---->\n      <div data-colibri-id=\"1404-c3\" class=\"h-row-container gutters-row-lg-2 gutters-row-md-2 gutters-row-0 gutters-row-v-lg-2 gutters-row-v-md-2 gutters-row-v-2 style-2199 style-local-1404-c3 position-relative\">\n        <!---->\n        <div class=\"h-row justify-content-lg-center justify-content-md-center justify-content-center align-items-lg-stretch align-items-md-stretch align-items-stretch gutters-col-lg-2 gutters-col-md-2 gutters-col-0 gutters-col-v-lg-2 gutters-col-v-md-2 gutters-col-v-2\">\n          <!---->\n          <div class=\"h-column h-column-container d-flex h-col-lg-auto h-col-md-auto h-col-auto style-2200-outer style-local-1404-c4-outer\">\n            <div data-colibri-id=\"1404-c4\" class=\"d-flex h-flex-basis h-column__inner h-px-lg-2 h-px-md-2 h-px-2 v-inner-lg-2 v-inner-md-2 v-inner-2 style-2200 style-local-1404-c4 position-relative\">\n              <!---->\n              <!---->\n              <div class=\"w-100 h-y-container h-column__content h-column__v-align flex-basis-100 align-self-lg-start align-self-md-start align-self-start\">\n                <!---->\n                <div data-colibri-id=\"1404-c5\" class=\"h-global-transition-all h-heading style-2202 style-local-1404-c5 position-relative h-element\">\n                  <!---->\n                  <div class=\"h-heading__outer style-2202 style-local-1404-c5\">\n                    <!---->\n                    <!---->\n                    <h2 class=\"\">La base de loisir de Castera Verduzan<\/h2>\n                  <\/div>\n                <\/div>\n                <div data-colibri-id=\"1404-c6\" class=\"h-text h-text-component style-2203 style-local-1404-c6 position-relative h-element\">\n                  <!---->\n                  <!---->\n                  <div class=\"\">\n                    <p><strong style=\"font-weight: 700;\">La base de loisirs du lac de Cast\u00e9ra-Verduzan, qui s&rsquo;\u00e9tend sur 7 hectares d\u2019espaces verts arbor\u00e9s, est ouverte pour la baignade et toutes les autres activit\u00e9s en saison estivale.<\/strong><\/p>\n                    <p><strong style=\"font-weight: 700;\">Notre G\u00eete est \u00e0 26Km de la base de loisir.<\/strong><\/p>\n                    <p>\n                      <br>\n                    <\/p>\n                  <\/div>\n                <\/div>\n              <\/div>\n            <\/div>\n          <\/div>\n          <div class=\"h-column h-column-container d-flex h-col-lg-auto h-col-md-auto h-col-auto style-2201-outer style-local-1404-c7-outer\">\n            <div data-colibri-id=\"1404-c7\" class=\"d-flex h-flex-basis h-column__inner h-px-lg-2 h-px-md-2 h-px-2 v-inner-lg-2 v-inner-md-2 v-inner-2 style-2201 style-local-1404-c7 position-relative\">\n              <!---->\n              <!---->\n              <div class=\"w-100 h-y-container h-column__content h-column__v-align flex-basis-100 align-self-lg-start align-self-md-start align-self-start\">\n                <!---->\n                <div data-colibri-id=\"1404-c8\" class=\"h-x-container style-2209 style-local-1404-c8 position-relative h-element\">\n                  <!---->\n                  <div class=\"h-x-container-inner style-dynamic-1404-c8-group style-2209-spacing style-local-1404-c8-spacing\"><span class=\"h-button__outer style-2210-outer style-local-1404-c9-outer d-inline-flex h-element\"><a h-use-smooth-scroll=\"true\" href=\"http:\/\/www.baseloisirscasteraverduzan.com\/\"  data-colibri-id=\"1404-c9\" class=\"d-flex w-100 align-items-center h-button justify-content-lg-center justify-content-md-center justify-content-center style-2210 style-local-1404-c9 position-relative\"><!----><!----> <span>Site de la base de loisir<\/span><\/a>\n                    <\/span>\n                  <\/div>\n                <\/div>\n                <div data-colibri-component=\"video\" data-colibri-id=\"1404-c10\" class=\"d-block h-video d-block h-video style-2211 style-local-1404-c10 position-relative h-element\">\n                  <!---->\n                  <!---->\n                  <div class=\"video-container position-relative\">\n                    <div class=\"h-global-transition-all ratio-inner\"><iframe src=https:\/\/www.youtube.com\/embed\/z4j8aizPQCs?autoplay=1&#038;mute=0&#038;playlist=z4j8aizPQCs&#038;loop=1&#038;modestbranding=0&#038;rel=0&#038;enablejsapi=1&#038; class='h-video-main'allow=\"autoplay\"  allowfullscreen><\/iframe><\/div>\n                  <\/div>\n                <\/div>\n              <\/div>\n            <\/div>\n          <\/div>\n        <\/div>\n      <\/div>\n      <div data-colibri-id=\"1404-c12\" class=\"h-row-container gutters-row-lg-2 gutters-row-md-2 gutters-row-0 gutters-row-v-lg-2 gutters-row-v-md-2 gutters-row-v-2 style-2204 style-local-1404-c12 position-relative\">\n        <!---->\n        <div class=\"h-row justify-content-lg-center justify-content-md-center justify-content-center align-items-lg-stretch align-items-md-stretch align-items-stretch gutters-col-lg-2 gutters-col-md-2 gutters-col-0 gutters-col-v-lg-2 gutters-col-v-md-2 gutters-col-v-2\">\n          <!---->\n          <div class=\"h-column h-column-container d-flex h-col-lg-auto h-col-md-auto h-col-auto style-2205-outer style-local-1404-c13-outer\">\n            <div data-colibri-id=\"1404-c13\" class=\"d-flex h-flex-basis h-column__inner h-px-lg-2 h-px-md-2 h-px-2 v-inner-lg-2 v-inner-md-2 v-inner-2 style-2205 style-local-1404-c13 position-relative\">\n              <!---->\n              <!---->\n              <div class=\"w-100 h-y-container h-column__content h-column__v-align flex-basis-100 align-self-lg-start align-self-md-start align-self-start\">\n                <!---->\n                <div data-colibri-id=\"1404-c14\" class=\"h-global-transition-all h-heading style-2207 style-local-1404-c14 position-relative h-element\">\n                  <!---->\n                  <div class=\"h-heading__outer style-2207 style-local-1404-c14\">\n                    <!---->\n                    <!---->\n                    <h1 class=\"\">Le lac de Lupiac et sa guinguette<\/h1>\n                  <\/div>\n                <\/div>\n                <div data-colibri-id=\"1404-c15\" class=\"h-text h-text-component style-2208 style-local-1404-c15 position-relative h-element\">\n                  <!---->\n                  <!---->\n                  <div class=\"\">\n                    <p><strong>D\u00e8s que les beaux jours arrivent, la Guinguette vous ouvre ses portes pour vous faire profiter de son coin de paradis entre lac et for\u00eat. C&rsquo;est le lieu id\u00e9al pour se d\u00e9tendre au bord de l&rsquo;eau et admirer le paysage !<\/strong><\/p>\n                    <p>Le restaurant propose une cuisine de c\u0153ur et de saison, inspir\u00e9e par les richesses du terroir.\n                      <br>\n                      <br> Ouvert toute la journ\u00e9e pour combler vos envies, des snacks vous sont propos\u00e9s pour une pause gourmande entre deux baignades. \u00c0 l\u2019heure de l\u2019ap\u00e9ritif, la terrasse ensoleill\u00e9e vous attend pour boire un verre accompagn\u00e9 de tapas \u00e0\n                      partager. Le bar s\u2019anime \u00e0 la nuit tomb\u00e9e pour faire la f\u00eate<\/p>\n                    <p><span style=\"font-weight: 700;\">Notre G\u00eete est \u00e0 19Km du lac de Lupiac<\/span><\/p>\n                    <p>\n                      <br>\n                    <\/p>\n                    <p>\n                      <br>\n                    <\/p>\n                  <\/div>\n                <\/div>\n              <\/div>\n            <\/div>\n          <\/div>\n          <div class=\"h-column h-column-container d-flex h-col-lg-auto h-col-md-auto h-col-auto style-2206-outer style-local-1404-c16-outer\">\n            <div data-colibri-id=\"1404-c16\" class=\"d-flex h-flex-basis h-column__inner h-px-lg-2 h-px-md-2 h-px-2 v-inner-lg-2 v-inner-md-2 v-inner-2 style-2206 style-local-1404-c16 position-relative\">\n              <!---->\n              <!---->\n              <div class=\"w-100 h-y-container h-column__content h-column__v-align flex-basis-100 align-self-lg-start align-self-md-start align-self-start\">\n                <!---->\n                <div data-colibri-id=\"1404-c17\" class=\"h-x-container style-2215 style-local-1404-c17 position-relative h-element\">\n                  <!---->\n                  <div class=\"h-x-container-inner style-dynamic-1404-c17-group style-2215-spacing style-local-1404-c17-spacing\"><span class=\"h-button__outer style-2216-outer style-local-1404-c18-outer d-inline-flex h-element\"><a h-use-smooth-scroll=\"true\" href=\"https:\/\/www.armagnac-dartagnan.com\/equipements\/lac-de-lacoste-lupiac\/\"  data-colibri-id=\"1404-c18\" class=\"d-flex w-100 align-items-center h-button justify-content-lg-center justify-content-md-center justify-content-center style-2216 style-local-1404-c18 position-relative\"><!----><!----> <span>Le lac de Lupiac<\/span><\/a>\n                    <\/span>\n                  <\/div>\n                <\/div>\n                <div data-colibri-id=\"1404-c19\" class=\"h-x-container style-2217 style-local-1404-c19 position-relative h-element\">\n                  <!---->\n                  <div class=\"h-x-container-inner style-dynamic-1404-c19-group style-2217-spacing style-local-1404-c19-spacing\"><span class=\"h-button__outer style-2218-outer style-local-1404-c20-outer d-inline-flex h-element\"><a h-use-smooth-scroll=\"true\" href=\"https:\/\/www.armagnac-dartagnan.com\/restaurant\/la-guinguette-de-lupiac\/\"  data-colibri-id=\"1404-c20\" class=\"d-flex w-100 align-items-center h-button justify-content-lg-center justify-content-md-center justify-content-center style-2218 style-local-1404-c20 position-relative\"><!----><!----> <span>La guinguette<\/span><\/a>\n                    <\/span>\n                  <\/div>\n                <\/div>\n                <div data-colibri-component=\"video\" data-colibri-id=\"1404-c21\" class=\"d-block h-video d-block h-video style-2213 style-local-1404-c21 position-relative h-element\">\n                  <!---->\n                  <!---->\n                  <div class=\"video-container position-relative\">\n                    <div class=\"h-global-transition-all ratio-inner\"><iframe src=https:\/\/www.youtube.com\/embed\/jyM_ZNiz6xA?start=10&#038;autoplay=1&#038;mute=0&#038;playlist=jyM_ZNiz6xA&#038;loop=1&#038;modestbranding=0&#038;rel=0&#038;enablejsapi=1&#038; class='h-video-main'allow=\"autoplay\"  allowfullscreen><\/iframe><\/div>\n                  <\/div>\n                <\/div>\n              <\/div>\n            <\/div>\n          <\/div>\n        <\/div>\n      <\/div>\n      <div data-colibri-id=\"1404-c23\" class=\"h-row-container gutters-row-lg-2 gutters-row-md-2 gutters-row-0 gutters-row-v-lg-2 gutters-row-v-md-2 gutters-row-v-2 style-2219 style-local-1404-c23 position-relative\">\n        <!---->\n        <div class=\"h-row justify-content-lg-center justify-content-md-center justify-content-center align-items-lg-stretch align-items-md-stretch align-items-stretch gutters-col-lg-2 gutters-col-md-2 gutters-col-0 gutters-col-v-lg-2 gutters-col-v-md-2 gutters-col-v-2\">\n          <!---->\n          <div class=\"h-column h-column-container d-flex h-col-lg-auto h-col-md-auto h-col-auto style-2220-outer style-local-1404-c24-outer\">\n            <div data-colibri-id=\"1404-c24\" class=\"d-flex h-flex-basis h-column__inner h-px-lg-2 h-px-md-2 h-px-2 v-inner-lg-2 v-inner-md-2 v-inner-2 style-2220 style-local-1404-c24 position-relative\">\n              <!---->\n              <!---->\n              <div class=\"w-100 h-y-container h-column__content h-column__v-align flex-basis-100 align-self-lg-start align-self-md-start align-self-start\">\n                <!---->\n                <div data-colibri-id=\"1404-c25\" class=\"h-global-transition-all h-heading style-2222 style-local-1404-c25 position-relative h-element\">\n                  <!---->\n                  <div class=\"h-heading__outer style-2222 style-local-1404-c25\">\n                    <!---->\n                    <!---->\n                    <h2 class=\"\">Parc de loisir de Gondrin<\/h2>\n                  <\/div>\n                <\/div>\n                <div data-colibri-id=\"1404-c26\" class=\"h-text h-text-component style-2223 style-local-1404-c26 position-relative h-element\">\n                  <!---->\n                  <!---->\n                  <div class=\"\">\n                    <p>Am\u00e9nag\u00e9 au c\u0153ur du village dans un magnifique cadre verdoyant de plus de 15 000 m2, le parc de loisirs de Gondrin est le site incontournable de vos vacances.<\/p>\n                    <p>D\u2019un c\u00f4t\u00e9 4 500 m2 de baignade (eau filtr\u00e9e) avec 4 toboggans (kamikaze, multipistes, \u00e0 virages et \u00e0 tube), un espace vagues, des bou\u00e9es flottantes et une pataugeoire avec mini-toboggans pour les plus petits.<\/p>\n                    <p>De l\u2019autre, une zone de loisirs avec un terrain multisports, de beach-volley, un court de tennis, une aire de jeux pour les enfants et des tables de ping-pong.<\/p>\n                    <p>Un service de restauration rapide est \u00e0 votre disposition sur place ainsi que des tables de pique-nique.<\/p>\n                    <p>\n                      <br>\n                    <\/p>\n                  <\/div>\n                <\/div>\n              <\/div>\n            <\/div>\n          <\/div>\n          <div class=\"h-column h-column-container d-flex h-col-lg-auto h-col-md-auto h-col-auto style-2221-outer style-local-1404-c27-outer\">\n            <div data-colibri-id=\"1404-c27\" class=\"d-flex h-flex-basis h-column__inner h-px-lg-2 h-px-md-2 h-px-2 v-inner-lg-2 v-inner-md-2 v-inner-2 style-2221 style-local-1404-c27 position-relative\">\n              <!---->\n              <!---->\n              <div class=\"w-100 h-y-container h-column__content h-column__v-align flex-basis-100 align-self-lg-start align-self-md-start align-self-start\">\n                <!---->\n                <div data-colibri-id=\"1404-c28\" class=\"h-x-container style-2224 style-local-1404-c28 position-relative h-element\">\n                  <!---->\n                  <div class=\"h-x-container-inner style-dynamic-1404-c28-group style-2224-spacing style-local-1404-c28-spacing\"><span class=\"h-button__outer style-2225-outer style-local-1404-c29-outer d-inline-flex h-element\"><a h-use-smooth-scroll=\"true\" href=\"http:\/\/www.gondrinparcdeloisirs.com\/\"  data-colibri-id=\"1404-c29\" class=\"d-flex w-100 align-items-center h-button justify-content-lg-center justify-content-md-center justify-content-center style-2225 style-local-1404-c29 position-relative\"><!----><!----> <span>Site du parc de loisir<\/span><\/a>\n                    <\/span>\n                  <\/div>\n                <\/div>\n                <div data-colibri-component=\"video\" data-colibri-id=\"1404-c30\" class=\"d-block h-video d-block h-video style-2226 style-local-1404-c30 position-relative h-element\">\n                  <!---->\n                  <!---->\n                  <div class=\"video-container position-relative\">\n                    <div class=\"h-global-transition-all ratio-inner\"><iframe src=https:\/\/www.youtube.com\/embed\/g-bO0AckaJw?autoplay=1&#038;mute=0&#038;playlist=g-bO0AckaJw&#038;loop=1&#038;modestbranding=0&#038;rel=0&#038;enablejsapi=1&#038; class='h-video-main'allow=\"autoplay\"  allowfullscreen><\/iframe><\/div>\n                  <\/div>\n                <\/div>\n              <\/div>\n            <\/div>\n          <\/div>\n        <\/div>\n      <\/div>\n    <\/div>\n  <\/div>\n<\/div>","protected":false},"excerpt":{"rendered":"<p>La base de loisir de Castera Verduzan La base de loisirs du lac de Cast\u00e9ra-Verduzan, qui s&rsquo;\u00e9tend sur 7 hectares d\u2019espaces verts arbor\u00e9s, est ouverte pour la baignade et toutes les autres activit\u00e9s en saison estivale. Notre G\u00eete est \u00e0 26Km de la base de loisir. Site de la base de loisir Le lac de [&hellip;]<\/p>\n","protected":false},"author":1,"featured_media":0,"parent":0,"menu_order":0,"comment_status":"closed","ping_status":"closed","template":"page-templates\/full-width-page.php","meta":{"footnotes":""},"class_list":["post-1404","page","type-page","status-publish","hentry"],"_links":{"self":[{"href":"https:\/\/www.gite-de-pitron.fr\/index.php\/wp-json\/wp\/v2\/pages\/1404","targetHints":{"allow":["GET"]}}],"collection":[{"href":"https:\/\/www.gite-de-pitron.fr\/index.php\/wp-json\/wp\/v2\/pages"}],"about":[{"href":"https:\/\/www.gite-de-pitron.fr\/index.php\/wp-json\/wp\/v2\/types\/page"}],"author":[{"embeddable":true,"href":"https:\/\/www.gite-de-pitron.fr\/index.php\/wp-json\/wp\/v2\/users\/1"}],"replies":[{"embeddable":true,"href":"https:\/\/www.gite-de-pitron.fr\/index.php\/wp-json\/wp\/v2\/comments?post=1404"}],"version-history":[{"count":3,"href":"https:\/\/www.gite-de-pitron.fr\/index.php\/wp-json\/wp\/v2\/pages\/1404\/revisions"}],"predecessor-version":[{"id":1594,"href":"https:\/\/www.gite-de-pitron.fr\/index.php\/wp-json\/wp\/v2\/pages\/1404\/revisions\/1594"}],"wp:attachment":[{"href":"https:\/\/www.gite-de-pitron.fr\/index.php\/wp-json\/wp\/v2\/media?parent=1404"}],"curies":[{"name":"wp","href":"https:\/\/api.w.org\/{rel}","templated":true}]}}