{"id":1402,"date":"2024-09-21T18:40:12","date_gmt":"2024-09-21T16:40:12","guid":{"rendered":"https:\/\/www.gite-de-pitron.fr\/?page_id=1402"},"modified":"2024-09-21T18:48:17","modified_gmt":"2024-09-21T16:48:17","slug":"les-randonnees-autour-de-riguepeu","status":"publish","type":"page","link":"https:\/\/www.gite-de-pitron.fr\/index.php\/les-randonnees-autour-de-riguepeu\/","title":{"rendered":"Les randonn\u00e9es autour de Riguepeu"},"content":{"rendered":"<div data-colibri-id=\"1402-c1\" class=\"style-2134 style-local-1402-c1 position-relative\">\n  <!---->\n  <div data-colibri-component=\"section\" data-colibri-id=\"1402-c16\" id=\"custom\" class=\"h-section h-section-global-spacing d-flex align-items-lg-center align-items-md-center align-items-center style-2144 style-local-1402-c16 position-relative\">\n    <!---->\n    <!---->\n    <div class=\"h-section-grid-container h-section-boxed-container\">\n      <!---->\n      <div data-colibri-id=\"1402-c17\" class=\"h-row-container gutters-row-lg-2 gutters-row-md-2 gutters-row-0 gutters-row-v-lg-2 gutters-row-v-md-2 gutters-row-v-2 style-2145 style-local-1402-c17 position-relative\">\n        <!---->\n        <div class=\"h-row justify-content-lg-center justify-content-md-center justify-content-center align-items-lg-stretch align-items-md-stretch align-items-stretch gutters-col-lg-2 gutters-col-md-2 gutters-col-0 gutters-col-v-lg-2 gutters-col-v-md-2 gutters-col-v-2\">\n          <!---->\n          <div class=\"h-column h-column-container d-flex h-col-lg-auto h-col-md-auto h-col-auto style-2146-outer style-local-1402-c18-outer\">\n            <div data-colibri-id=\"1402-c18\" class=\"d-flex h-flex-basis h-column__inner h-px-lg-2 h-px-md-2 h-px-2 v-inner-lg-2 v-inner-md-2 v-inner-2 style-2146 style-local-1402-c18 position-relative\">\n              <!---->\n              <!---->\n              <div class=\"w-100 h-y-container h-column__content h-column__v-align flex-basis-100 align-self-lg-start align-self-md-start align-self-start\">\n                <!---->\n                <div data-colibri-id=\"1402-c20\" class=\"h-global-transition-all h-heading style-2148 style-local-1402-c20 position-relative h-element\">\n                  <!---->\n                  <div class=\"h-heading__outer style-2148 style-local-1402-c20\">\n                    <!---->\n                    <!---->\n                    <h2 class=\"\">Les randonn\u00e9es<\/h2>\n                  <\/div>\n                <\/div>\n                <div data-colibri-id=\"1402-c48\" class=\"h-text h-text-component style-2176 style-local-1402-c48 position-relative h-element\">\n                  <!---->\n                  <!---->\n                  <div class=\"\">\n                    <p>Il existe, autour de Riguepeu un certain nombre de chemin de randonn\u00e9es.<\/p>\n                    <p>Nous vous proposons une s\u00e9lection de randonn\u00e9es qui vous permettront de sillonner la campagne Gersoise. <\/p>\n                    <p>N&rsquo;h\u00e9sitez pas \u00e0 t\u00e9l\u00e9charger le fichier .GPX associ\u00e9 \u00e0 la randonn\u00e9e.<\/p>\n                  <\/div>\n                <\/div>\n              <\/div>\n            <\/div>\n          <\/div>\n          <div class=\"h-column h-column-container d-flex h-col-lg-auto h-col-md-auto h-col-auto style-2147-outer style-local-1402-c19-outer\">\n            <div data-colibri-id=\"1402-c19\" class=\"d-flex h-flex-basis h-column__inner h-px-lg-2 h-px-md-2 h-px-2 v-inner-lg-2 v-inner-md-2 v-inner-2 style-2147 style-local-1402-c19 position-relative\">\n              <!---->\n              <!---->\n              <div class=\"w-100 h-y-container h-column__content h-column__v-align flex-basis-100 align-self-lg-start align-self-md-start align-self-start\">\n                <!---->\n                <div data-colibri-id=\"1402-c22\" class=\"d-block style-2150 style-local-1402-c22 position-relative h-element\">\n                  <!---->\n                  <div class=\"h-image__frame-container-outer\">\n                    <div class=\"h-image__frame-container\">\n                      <!---->\n                      <!---->\n                      <img decoding=\"async\" width=\"757\" height=\"476\" data-src=\"https:\/\/www.gite-de-pitron.fr\/wp-content\/uploads\/2024\/09\/Foret-de-Montpellier-depuis-La-plagnolle-par-St-Araille.jpg\" class=\"wp-image-540 style-2150-image style-local-1402-c22-image lazyload\" alt=\"\" data-srcset=\"https:\/\/www.gite-de-pitron.fr\/wp-content\/uploads\/2024\/09\/Foret-de-Montpellier-depuis-La-plagnolle-par-St-Araille.jpg 757w, https:\/\/www.gite-de-pitron.fr\/wp-content\/uploads\/2024\/09\/Foret-de-Montpellier-depuis-La-plagnolle-par-St-Araille-300x189.jpg 300w\" data-sizes=\"(max-width: 757px) 100vw, 757px\" src=\"data:image\/svg+xml;base64,PHN2ZyB3aWR0aD0iMSIgaGVpZ2h0PSIxIiB4bWxucz0iaHR0cDovL3d3dy53My5vcmcvMjAwMC9zdmciPjwvc3ZnPg==\" style=\"--smush-placeholder-width: 757px; --smush-placeholder-aspect-ratio: 757\/476;\" \/>\n                      <div class=\"h-image__frame h-hide-lg h-hide-md h-hide-sm style-2150-frameImage style-local-1402-c22-frameImage\"><\/div>\n                    <\/div>\n                  <\/div>\n                <\/div>\n                <div data-colibri-id=\"1402-c23\" class=\"h-x-container style-2151 style-local-1402-c23 position-relative h-element\">\n                  <!---->\n                  <div class=\"h-x-container-inner style-dynamic-1402-c23-group style-2151-spacing style-local-1402-c23-spacing\"><span class=\"h-link__outer style-2152-outer style-local-1402-c24-outer d-inline-flex h-element\"><a h-use-smooth-scroll=\"true\" href=\"https:\/\/www.gite-de-pitron.fr\/wp-content\/uploads\/2024\/09\/2024-09-06_1805448687_Foret-de-Montpellier-depuis-La-plagnolle-par-St-Araille.zip\"  data-colibri-id=\"1402-c24\" class=\"d-flex w-100 align-items-center h-link style-2152 style-local-1402-c24 position-relative\"><!----><!----> <span>T\u00e9l\u00e9charger le fichier .gpx<\/span><\/a>\n                    <\/span>\n                  <\/div>\n                <\/div>\n              <\/div>\n            <\/div>\n          <\/div>\n        <\/div>\n      <\/div>\n      <div data-colibri-id=\"1402-c33\" class=\"h-row-container gutters-row-lg-2 gutters-row-md-2 gutters-row-0 gutters-row-v-lg-2 gutters-row-v-md-2 gutters-row-v-2 style-2161 style-local-1402-c33 position-relative\">\n        <!---->\n        <div class=\"h-row justify-content-lg-center justify-content-md-center justify-content-center align-items-lg-stretch align-items-md-stretch align-items-stretch gutters-col-lg-2 gutters-col-md-2 gutters-col-0 gutters-col-v-lg-2 gutters-col-v-md-2 gutters-col-v-2\">\n          <!---->\n          <div class=\"h-column h-column-container d-flex h-col-lg-auto h-col-md-auto h-col-auto style-2162-outer style-local-1402-c34-outer\">\n            <div data-colibri-id=\"1402-c34\" class=\"d-flex h-flex-basis h-column__inner h-px-lg-2 h-px-md-2 h-px-2 v-inner-lg-2 v-inner-md-2 v-inner-2 style-2162 style-local-1402-c34 position-relative\">\n              <!---->\n              <!---->\n              <div class=\"w-100 h-y-container h-column__content h-column__v-align flex-basis-100 align-self-lg-start align-self-md-start align-self-start\">\n                <!---->\n                <div data-colibri-id=\"1402-c36\" class=\"d-block style-2164 style-local-1402-c36 position-relative h-element\">\n                  <!---->\n                  <div class=\"h-image__frame-container-outer\">\n                    <div class=\"h-image__frame-container\">\n                      <!---->\n                      <!---->\n                      <img decoding=\"async\" width=\"767\" height=\"482\" data-src=\"https:\/\/www.gite-de-pitron.fr\/wp-content\/uploads\/2024\/09\/Le-lac-de-BIZET-depuis-Riguepeu.jpg\" class=\"wp-image-539 style-2164-image style-local-1402-c36-image lazyload\" alt=\"\" data-srcset=\"https:\/\/www.gite-de-pitron.fr\/wp-content\/uploads\/2024\/09\/Le-lac-de-BIZET-depuis-Riguepeu.jpg 767w, https:\/\/www.gite-de-pitron.fr\/wp-content\/uploads\/2024\/09\/Le-lac-de-BIZET-depuis-Riguepeu-300x189.jpg 300w\" data-sizes=\"(max-width: 767px) 100vw, 767px\" src=\"data:image\/svg+xml;base64,PHN2ZyB3aWR0aD0iMSIgaGVpZ2h0PSIxIiB4bWxucz0iaHR0cDovL3d3dy53My5vcmcvMjAwMC9zdmciPjwvc3ZnPg==\" style=\"--smush-placeholder-width: 767px; --smush-placeholder-aspect-ratio: 767\/482;\" \/>\n                      <div class=\"h-image__frame h-hide-lg h-hide-md h-hide-sm style-2164-frameImage style-local-1402-c36-frameImage\"><\/div>\n                    <\/div>\n                  <\/div>\n                <\/div>\n                <div data-colibri-id=\"1402-c38\" class=\"h-x-container style-2166 style-local-1402-c38 position-relative h-element\">\n                  <!---->\n                  <div class=\"h-x-container-inner style-dynamic-1402-c38-group style-2166-spacing style-local-1402-c38-spacing\"><span class=\"h-link__outer style-2167-outer style-local-1402-c39-outer d-inline-flex h-element\"><a h-use-smooth-scroll=\"true\" href=\"https:\/\/www.gite-de-pitron.fr\/wp-content\/uploads\/2024\/09\/2024-08-21_1805438823_JLLLe-lac-de-Bizet-en-partant-de-Riguepeu.zip\"  data-colibri-id=\"1402-c39\" class=\"d-flex w-100 align-items-center h-link style-2167 style-local-1402-c39 position-relative\"><!----><!----> <span>T\u00e9l\u00e9charger le fichier .gpx<\/span><\/a>\n                    <\/span>\n                  <\/div>\n                <\/div>\n              <\/div>\n            <\/div>\n          <\/div>\n          <div class=\"h-column h-column-container d-flex h-col-lg-auto h-col-md-auto h-col-auto style-2163-outer style-local-1402-c35-outer\">\n            <div data-colibri-id=\"1402-c35\" class=\"d-flex h-flex-basis h-column__inner h-px-lg-2 h-px-md-2 h-px-2 v-inner-lg-2 v-inner-md-2 v-inner-2 style-2163 style-local-1402-c35 position-relative\">\n              <!---->\n              <!---->\n              <div class=\"w-100 h-y-container h-column__content h-column__v-align flex-basis-100 align-self-lg-start align-self-md-start align-self-start\">\n                <!---->\n                <div data-colibri-id=\"1402-c37\" class=\"d-block style-2165 style-local-1402-c37 position-relative h-element\">\n                  <!---->\n                  <div class=\"h-image__frame-container-outer\">\n                    <div class=\"h-image__frame-container\">\n                      <!---->\n                      <!---->\n                      <img decoding=\"async\" width=\"768\" height=\"462\" data-src=\"https:\/\/www.gite-de-pitron.fr\/wp-content\/uploads\/2024\/09\/boucle-de-Riguepeu-vers-BAZIAN.jpg\" class=\"wp-image-538 style-2165-image style-local-1402-c37-image lazyload\" alt=\"\" data-srcset=\"https:\/\/www.gite-de-pitron.fr\/wp-content\/uploads\/2024\/09\/boucle-de-Riguepeu-vers-BAZIAN.jpg 768w, https:\/\/www.gite-de-pitron.fr\/wp-content\/uploads\/2024\/09\/boucle-de-Riguepeu-vers-BAZIAN-300x180.jpg 300w\" data-sizes=\"(max-width: 768px) 100vw, 768px\" src=\"data:image\/svg+xml;base64,PHN2ZyB3aWR0aD0iMSIgaGVpZ2h0PSIxIiB4bWxucz0iaHR0cDovL3d3dy53My5vcmcvMjAwMC9zdmciPjwvc3ZnPg==\" style=\"--smush-placeholder-width: 768px; --smush-placeholder-aspect-ratio: 768\/462;\" \/>\n                      <div class=\"h-image__frame h-hide-lg h-hide-md h-hide-sm style-2165-frameImage style-local-1402-c37-frameImage\"><\/div>\n                    <\/div>\n                  <\/div>\n                <\/div>\n                <div data-colibri-id=\"1402-c40\" class=\"h-x-container style-2168 style-local-1402-c40 position-relative h-element\">\n                  <!---->\n                  <div class=\"h-x-container-inner style-dynamic-1402-c40-group style-2168-spacing style-local-1402-c40-spacing\"><span class=\"h-link__outer style-2169-outer style-local-1402-c41-outer d-inline-flex h-element\"><a h-use-smooth-scroll=\"true\" href=\"https:\/\/www.gite-de-pitron.fr\/wp-content\/uploads\/2024\/09\/2024-08-22_1807793599_JLL-Boucle-de-Riguepeu-vers-Bazian.zip\"  data-colibri-id=\"1402-c41\" class=\"d-flex w-100 align-items-center h-link style-2169 style-local-1402-c41 position-relative\"><!----><!----> <span>T\u00e9l\u00e9charger le fichier .gpx<\/span><\/a>\n                    <\/span>\n                  <\/div>\n                <\/div>\n              <\/div>\n            <\/div>\n          <\/div>\n        <\/div>\n      <\/div>\n      <div data-colibri-id=\"1402-c28\" class=\"h-row-container gutters-row-lg-2 gutters-row-md-2 gutters-row-0 gutters-row-v-lg-2 gutters-row-v-md-2 gutters-row-v-2 style-2156 style-local-1402-c28 position-relative\">\n        <!---->\n        <div class=\"h-row justify-content-lg-center justify-content-md-center justify-content-center align-items-lg-stretch align-items-md-stretch align-items-stretch gutters-col-lg-2 gutters-col-md-2 gutters-col-0 gutters-col-v-lg-2 gutters-col-v-md-2 gutters-col-v-2\">\n          <!---->\n          <div class=\"h-column h-column-container d-flex h-col-lg-auto h-col-md-auto h-col-auto style-2157-outer style-local-1402-c29-outer\">\n            <div data-colibri-id=\"1402-c29\" class=\"d-flex h-flex-basis h-column__inner h-px-lg-2 h-px-md-2 h-px-2 v-inner-lg-2 v-inner-md-2 v-inner-2 style-2157 style-local-1402-c29 position-relative\">\n              <!---->\n              <!---->\n              <div class=\"w-100 h-y-container h-column__content h-column__v-align flex-basis-100 align-self-lg-start align-self-md-start align-self-start\">\n                <!---->\n                <div data-colibri-id=\"1402-c31\" class=\"d-block style-2159 style-local-1402-c31 position-relative h-element\">\n                  <!---->\n                  <div class=\"h-image__frame-container-outer\">\n                    <div class=\"h-image__frame-container\">\n                      <!---->\n                      <!---->\n                      <img decoding=\"async\" width=\"770\" height=\"458\" data-src=\"https:\/\/www.gite-de-pitron.fr\/wp-content\/uploads\/2024\/09\/boucle-de-Riguepeu-vers-St-Araille.jpg\" class=\"wp-image-537 style-2159-image style-local-1402-c31-image lazyload\" alt=\"\" data-srcset=\"https:\/\/www.gite-de-pitron.fr\/wp-content\/uploads\/2024\/09\/boucle-de-Riguepeu-vers-St-Araille.jpg 770w, https:\/\/www.gite-de-pitron.fr\/wp-content\/uploads\/2024\/09\/boucle-de-Riguepeu-vers-St-Araille-300x178.jpg 300w, https:\/\/www.gite-de-pitron.fr\/wp-content\/uploads\/2024\/09\/boucle-de-Riguepeu-vers-St-Araille-768x457.jpg 768w\" data-sizes=\"(max-width: 770px) 100vw, 770px\" src=\"data:image\/svg+xml;base64,PHN2ZyB3aWR0aD0iMSIgaGVpZ2h0PSIxIiB4bWxucz0iaHR0cDovL3d3dy53My5vcmcvMjAwMC9zdmciPjwvc3ZnPg==\" style=\"--smush-placeholder-width: 770px; --smush-placeholder-aspect-ratio: 770\/458;\" \/>\n                      <div class=\"h-image__frame h-hide-lg h-hide-md h-hide-sm style-2159-frameImage style-local-1402-c31-frameImage\"><\/div>\n                    <\/div>\n                  <\/div>\n                <\/div>\n                <div data-colibri-id=\"1402-c42\" class=\"h-x-container style-2170 style-local-1402-c42 position-relative h-element\">\n                  <!---->\n                  <div class=\"h-x-container-inner style-dynamic-1402-c42-group style-2170-spacing style-local-1402-c42-spacing\"><span class=\"h-link__outer style-2171-outer style-local-1402-c43-outer d-inline-flex h-element\"><a h-use-smooth-scroll=\"true\" href=\"https:\/\/www.gite-de-pitron.fr\/wp-content\/uploads\/2024\/09\/2024-08-22_1807783214_JLL-Riguepeu-St-Araille.zip\"  data-colibri-id=\"1402-c43\" class=\"d-flex w-100 align-items-center h-link style-2171 style-local-1402-c43 position-relative\"><!----><!----> <span>T\u00e9l\u00e9charger le fichier .gpx<\/span><\/a>\n                    <\/span>\n                  <\/div>\n                <\/div>\n              <\/div>\n            <\/div>\n          <\/div>\n          <div class=\"h-column h-column-container d-flex h-col-lg-auto h-col-md-auto h-col-auto style-2158-outer style-local-1402-c30-outer\">\n            <div data-colibri-id=\"1402-c30\" class=\"d-flex h-flex-basis h-column__inner h-px-lg-2 h-px-md-2 h-px-2 v-inner-lg-2 v-inner-md-2 v-inner-2 style-2158 style-local-1402-c30 position-relative\">\n              <!---->\n              <!---->\n              <div class=\"w-100 h-y-container h-column__content h-column__v-align flex-basis-100 align-self-lg-start align-self-md-start align-self-start\">\n                <!---->\n                <div data-colibri-id=\"1402-c32\" class=\"d-block style-2160 style-local-1402-c32 position-relative h-element\">\n                  <!---->\n                  <div class=\"h-image__frame-container-outer\">\n                    <div class=\"h-image__frame-container\">\n                      <!---->\n                      <!---->\n                      <img decoding=\"async\" width=\"757\" height=\"442\" data-src=\"https:\/\/www.gite-de-pitron.fr\/wp-content\/uploads\/2024\/09\/Autour-de-RIGUEPEU.jpg\" class=\"wp-image-536 style-2160-image style-local-1402-c32-image lazyload\" alt=\"\" data-srcset=\"https:\/\/www.gite-de-pitron.fr\/wp-content\/uploads\/2024\/09\/Autour-de-RIGUEPEU.jpg 757w, https:\/\/www.gite-de-pitron.fr\/wp-content\/uploads\/2024\/09\/Autour-de-RIGUEPEU-300x175.jpg 300w\" data-sizes=\"(max-width: 757px) 100vw, 757px\" src=\"data:image\/svg+xml;base64,PHN2ZyB3aWR0aD0iMSIgaGVpZ2h0PSIxIiB4bWxucz0iaHR0cDovL3d3dy53My5vcmcvMjAwMC9zdmciPjwvc3ZnPg==\" style=\"--smush-placeholder-width: 757px; --smush-placeholder-aspect-ratio: 757\/442;\" \/>\n                      <div class=\"h-image__frame h-hide-lg h-hide-md h-hide-sm style-2160-frameImage style-local-1402-c32-frameImage\"><\/div>\n                    <\/div>\n                  <\/div>\n                <\/div>\n                <div data-colibri-id=\"1402-c44\" class=\"h-x-container style-2172 style-local-1402-c44 position-relative h-element\">\n                  <!---->\n                  <div class=\"h-x-container-inner style-dynamic-1402-c44-group style-2172-spacing style-local-1402-c44-spacing\"><span class=\"h-link__outer style-2173-outer style-local-1402-c45-outer d-inline-flex h-element\"><a h-use-smooth-scroll=\"true\" href=\"https:\/\/www.gite-de-pitron.fr\/wp-content\/uploads\/2024\/09\/2024-08-22_1807483369_JLL-Autour-de-Riguepeu.zip\"  data-colibri-id=\"1402-c45\" class=\"d-flex w-100 align-items-center h-link style-2173 style-local-1402-c45 position-relative\"><!----><!----> <span>T\u00e9l\u00e9charger le fichier  .gpx<\/span><\/a>\n                    <\/span>\n                  <\/div>\n                <\/div>\n              <\/div>\n            <\/div>\n          <\/div>\n        <\/div>\n      <\/div>\n    <\/div>\n  <\/div>\n<\/div>","protected":false},"excerpt":{"rendered":"<p>Les randonn\u00e9es Il existe, autour de Riguepeu un certain nombre de chemin de randonn\u00e9es. Nous vous proposons une s\u00e9lection de randonn\u00e9es qui vous permettront de sillonner la campagne Gersoise. N&rsquo;h\u00e9sitez pas \u00e0 t\u00e9l\u00e9charger le fichier .GPX associ\u00e9 \u00e0 la randonn\u00e9e. T\u00e9l\u00e9charger le fichier .gpx T\u00e9l\u00e9charger le fichier .gpx T\u00e9l\u00e9charger le fichier .gpx T\u00e9l\u00e9charger le fichier [&hellip;]<\/p>\n","protected":false},"author":1,"featured_media":0,"parent":0,"menu_order":0,"comment_status":"closed","ping_status":"closed","template":"page-templates\/full-width-page.php","meta":{"footnotes":""},"class_list":["post-1402","page","type-page","status-publish","hentry"],"_links":{"self":[{"href":"https:\/\/www.gite-de-pitron.fr\/index.php\/wp-json\/wp\/v2\/pages\/1402","targetHints":{"allow":["GET"]}}],"collection":[{"href":"https:\/\/www.gite-de-pitron.fr\/index.php\/wp-json\/wp\/v2\/pages"}],"about":[{"href":"https:\/\/www.gite-de-pitron.fr\/index.php\/wp-json\/wp\/v2\/types\/page"}],"author":[{"embeddable":true,"href":"https:\/\/www.gite-de-pitron.fr\/index.php\/wp-json\/wp\/v2\/users\/1"}],"replies":[{"embeddable":true,"href":"https:\/\/www.gite-de-pitron.fr\/index.php\/wp-json\/wp\/v2\/comments?post=1402"}],"version-history":[{"count":2,"href":"https:\/\/www.gite-de-pitron.fr\/index.php\/wp-json\/wp\/v2\/pages\/1402\/revisions"}],"predecessor-version":[{"id":1501,"href":"https:\/\/www.gite-de-pitron.fr\/index.php\/wp-json\/wp\/v2\/pages\/1402\/revisions\/1501"}],"wp:attachment":[{"href":"https:\/\/www.gite-de-pitron.fr\/index.php\/wp-json\/wp\/v2\/media?parent=1402"}],"curies":[{"name":"wp","href":"https:\/\/api.w.org\/{rel}","templated":true}]}}